{"id":497,"date":"2022-11-07T14:54:04","date_gmt":"2022-11-07T14:54:04","guid":{"rendered":"https:\/\/kadence.pixel-show.com\/influencer\/?page_id=16"},"modified":"2023-08-16T12:10:18","modified_gmt":"2023-08-16T10:10:18","slug":"contacts","status":"publish","type":"page","link":"https:\/\/fmpollet.fr\/?page_id=497","title":{"rendered":"Contact"},"content":{"rendered":"<style>.kb-row-layout-id497_4e384e-83 > .kt-row-column-wrap{align-content:start;}:where(.kb-row-layout-id497_4e384e-83 > .kt-row-column-wrap) > .wp-block-kadence-column{justify-content:start;}.kb-row-layout-id497_4e384e-83 > .kt-row-column-wrap{column-gap:var(--global-kb-gap-md, 2rem);row-gap:var(--global-kb-gap-md, 2rem);max-width:var( --global-content-width, 1290px );padding-left:var(--global-content-edge-padding);padding-right:var(--global-content-edge-padding);padding-top:60px;padding-bottom:60px;grid-template-columns:minmax(0, 1fr);}.kb-row-layout-id497_4e384e-83 > .kt-row-layout-overlay{opacity:0.30;}@media all and (max-width: 1024px){.kb-row-layout-id497_4e384e-83 > .kt-row-column-wrap{padding-top:60px;grid-template-columns:minmax(0, 1fr);}}@media all and (max-width: 767px){.kb-row-layout-id497_4e384e-83 > .kt-row-column-wrap{grid-template-columns:minmax(0, 1fr);}}<\/style><div class=\"kb-row-layout-wrap kb-row-layout-id497_4e384e-83 alignnone has-theme-palette9-background-color kt-row-has-bg wp-block-kadence-rowlayout\"><div class=\"kt-row-column-wrap kt-has-1-columns kt-row-layout-equal kt-tab-layout-inherit kt-mobile-layout-row kt-row-valign-top kb-theme-content-width\">\n<style>.kadence-column497_0cf7ec-26 > .kt-inside-inner-col,.kadence-column497_0cf7ec-26 > .kt-inside-inner-col:before{border-top-left-radius:0px;border-top-right-radius:0px;border-bottom-right-radius:0px;border-bottom-left-radius:0px;}.kadence-column497_0cf7ec-26 > .kt-inside-inner-col{column-gap:var(--global-kb-gap-sm, 1rem);}.kadence-column497_0cf7ec-26 > .kt-inside-inner-col{flex-direction:column;}.kadence-column497_0cf7ec-26 > .kt-inside-inner-col > .aligncenter{width:100%;}.kadence-column497_0cf7ec-26 > .kt-inside-inner-col:before{opacity:0.3;}.kadence-column497_0cf7ec-26{position:relative;}@media all and (max-width: 1024px){.kadence-column497_0cf7ec-26 > .kt-inside-inner-col{flex-direction:column;justify-content:center;}}@media all and (max-width: 767px){.kadence-column497_0cf7ec-26 > .kt-inside-inner-col{flex-direction:column;justify-content:center;}}<\/style>\n<div class=\"wp-block-kadence-column kadence-column497_0cf7ec-26 inner-column-1\"><div class=\"kt-inside-inner-col\"><style>.kb-row-layout-id497_0b3342-cc > .kt-row-column-wrap{align-content:start;}:where(.kb-row-layout-id497_0b3342-cc > .kt-row-column-wrap) > .wp-block-kadence-column{justify-content:start;}.kb-row-layout-id497_0b3342-cc > .kt-row-column-wrap{column-gap:var(--global-kb-gap-md, 2rem);row-gap:var(--global-kb-gap-md, 2rem);max-width:600px;margin-left:auto;margin-right:auto;padding-top:0px;padding-bottom:0px;grid-template-columns:minmax(0, 1fr);}.kb-row-layout-id497_0b3342-cc > .kt-row-layout-overlay{opacity:0.30;}@media all and (max-width: 1024px){.kb-row-layout-id497_0b3342-cc > .kt-row-column-wrap{max-width:600px;margin-left:auto;margin-right:auto;grid-template-columns:minmax(0, 1fr);}}@media all and (max-width: 767px){.kb-row-layout-id497_0b3342-cc > .kt-row-column-wrap{grid-template-columns:minmax(0, 1fr);}}<\/style><div class=\"kb-row-layout-wrap kb-row-layout-id497_0b3342-cc alignnone wp-block-kadence-rowlayout\"><div class=\"kt-row-column-wrap kt-has-1-columns kt-row-layout-equal kt-tab-layout-inherit kt-mobile-layout-row kt-row-valign-top\">\n<style>.kadence-column497_9bcab4-98 > .kt-inside-inner-col,.kadence-column497_9bcab4-98 > .kt-inside-inner-col:before{border-top-left-radius:0px;border-top-right-radius:0px;border-bottom-right-radius:0px;border-bottom-left-radius:0px;}.kadence-column497_9bcab4-98 > .kt-inside-inner-col{column-gap:var(--global-kb-gap-sm, 1rem);}.kadence-column497_9bcab4-98 > .kt-inside-inner-col{flex-direction:column;}.kadence-column497_9bcab4-98 > .kt-inside-inner-col > .aligncenter{width:100%;}.kadence-column497_9bcab4-98 > .kt-inside-inner-col:before{opacity:0.3;}.kadence-column497_9bcab4-98{position:relative;}@media all and (max-width: 1024px){.kadence-column497_9bcab4-98 > .kt-inside-inner-col{flex-direction:column;justify-content:center;}}@media all and (max-width: 767px){.kadence-column497_9bcab4-98 > .kt-inside-inner-col{flex-direction:column;justify-content:center;}}<\/style>\n<div class=\"wp-block-kadence-column kadence-column497_9bcab4-98 inner-column-1\"><div class=\"kt-inside-inner-col\"><style>.wp-block-kadence-advancedheading.kt-adv-heading497_bc6191-55, .wp-block-kadence-advancedheading.kt-adv-heading497_bc6191-55[data-kb-block=\"kb-adv-heading497_bc6191-55\"]{margin-bottom:20px;text-align:center;font-size:70px;line-height:70px;font-style:normal;}.wp-block-kadence-advancedheading.kt-adv-heading497_bc6191-55 mark.kt-highlight, .wp-block-kadence-advancedheading.kt-adv-heading497_bc6191-55[data-kb-block=\"kb-adv-heading497_bc6191-55\"] mark.kt-highlight{font-style:normal;color:#f76a0c;-webkit-box-decoration-break:clone;box-decoration-break:clone;padding-top:0px;padding-right:0px;padding-bottom:0px;padding-left:0px;}.wp-block-kadence-advancedheading.kt-adv-heading497_bc6191-55 img.kb-inline-image, .wp-block-kadence-advancedheading.kt-adv-heading497_bc6191-55[data-kb-block=\"kb-adv-heading497_bc6191-55\"] img.kb-inline-image{width:150px;vertical-align:baseline;}@media all and (max-width: 1024px){.wp-block-kadence-advancedheading.kt-adv-heading497_bc6191-55, .wp-block-kadence-advancedheading.kt-adv-heading497_bc6191-55[data-kb-block=\"kb-adv-heading497_bc6191-55\"]{font-size:55px;}}@media all and (max-width: 767px){.wp-block-kadence-advancedheading.kt-adv-heading497_bc6191-55, .wp-block-kadence-advancedheading.kt-adv-heading497_bc6191-55[data-kb-block=\"kb-adv-heading497_bc6191-55\"]{font-size:45px;}}<\/style>\n<h1 class=\"kt-adv-heading497_bc6191-55 wp-block-kadence-advancedheading\" data-kb-block=\"kb-adv-heading497_bc6191-55\">Prendre contact<\/h1>\n<\/div><\/div>\n\n<\/div><\/div><\/div><\/div>\n\n<\/div><\/div>\n\n<style>.kb-row-layout-wrap.wp-block-kadence-rowlayout.kb-row-layout-id497_e47845-81{margin-bottom:var(--global-kb-spacing-xl, 4rem);}.kb-row-layout-id497_e47845-81 > .kt-row-column-wrap{align-content:start;}:where(.kb-row-layout-id497_e47845-81 > .kt-row-column-wrap) > .wp-block-kadence-column{justify-content:start;}.kb-row-layout-id497_e47845-81 > .kt-row-column-wrap{column-gap:var(--global-kb-gap-md, 2rem);row-gap:var(--global-kb-gap-md, 2rem);max-width:var( --global-content-width, 1290px );padding-left:var(--global-content-edge-padding);padding-right:var(--global-content-edge-padding);padding-top:80px;padding-right:20px;padding-bottom:80px;padding-left:20px;grid-template-columns:minmax(0, calc(45% - ((var(--global-kb-gap-md, 2rem) * 1 )\/2)))minmax(0, calc(55% - ((var(--global-kb-gap-md, 2rem) * 1 )\/2)));}.kb-row-layout-id497_e47845-81{background-color:#d9f1d9;}.kb-row-layout-id497_e47845-81 > .kt-row-layout-overlay{opacity:0.30;}@media all and (max-width: 1024px){.kb-row-layout-id497_e47845-81 > .kt-row-column-wrap{padding-top:60px;padding-right:150px;padding-bottom:60px;padding-left:150px;grid-template-columns:minmax(0, 1fr);}}@media all and (max-width: 767px){.kb-row-layout-id497_e47845-81 > .kt-row-column-wrap{padding-top:60px;padding-right:30px;padding-bottom:60px;padding-left:30px;grid-template-columns:minmax(0, 1fr);}}<\/style><div class=\"kb-row-layout-wrap kb-row-layout-id497_e47845-81 alignnone kt-row-has-bg wp-block-kadence-rowlayout\"><div class=\"kt-row-column-wrap kt-has-2-columns kt-row-layout-equal kt-tab-layout-row kt-mobile-layout-row kt-row-valign-top kb-theme-content-width\">\n<style>.kadence-column497_3e460e-6c > .kt-inside-inner-col,.kadence-column497_3e460e-6c > .kt-inside-inner-col:before{border-top-left-radius:0px;border-top-right-radius:0px;border-bottom-right-radius:0px;border-bottom-left-radius:0px;}.kadence-column497_3e460e-6c > .kt-inside-inner-col{column-gap:var(--global-kb-gap-sm, 1rem);}.kadence-column497_3e460e-6c > .kt-inside-inner-col{flex-direction:column;}.kadence-column497_3e460e-6c > .kt-inside-inner-col > .aligncenter{width:100%;}.kadence-column497_3e460e-6c > .kt-inside-inner-col:before{opacity:0.3;}.kadence-column497_3e460e-6c{position:relative;}.kadence-column497_3e460e-6c, .kt-inside-inner-col > .kadence-column497_3e460e-6c:not(.specificity){margin-right:80px;margin-bottom:80px;}@media all and (max-width: 1024px){.kadence-column497_3e460e-6c > .kt-inside-inner-col{flex-direction:column;justify-content:center;}}@media all and (max-width: 1024px){.kadence-column497_3e460e-6c, .kt-inside-inner-col > .kadence-column497_3e460e-6c:not(.specificity){margin-top:0px;margin-right:0px;margin-bottom:0px;margin-left:0px;}}@media all and (max-width: 767px){.kadence-column497_3e460e-6c > .kt-inside-inner-col{flex-direction:column;justify-content:center;}.kadence-column497_3e460e-6c, .kt-inside-inner-col > .kadence-column497_3e460e-6c:not(.specificity){margin-top:0px;margin-right:0px;margin-bottom:0px;margin-left:0px;}}<\/style>\n<div class=\"wp-block-kadence-column kadence-column497_3e460e-6c inner-column-1\"><div class=\"kt-inside-inner-col\"><style>.wp-block-kadence-advancedheading.kt-adv-heading497_7cc514-67, .wp-block-kadence-advancedheading.kt-adv-heading497_7cc514-67[data-kb-block=\"kb-adv-heading497_7cc514-67\"]{margin-top:40px;margin-bottom:40px;font-size:70px;line-height:78px;font-style:normal;}.wp-block-kadence-advancedheading.kt-adv-heading497_7cc514-67 mark.kt-highlight, .wp-block-kadence-advancedheading.kt-adv-heading497_7cc514-67[data-kb-block=\"kb-adv-heading497_7cc514-67\"] mark.kt-highlight{font-style:normal;color:#f76a0c;-webkit-box-decoration-break:clone;box-decoration-break:clone;padding-top:0px;padding-right:0px;padding-bottom:0px;padding-left:0px;}.wp-block-kadence-advancedheading.kt-adv-heading497_7cc514-67 img.kb-inline-image, .wp-block-kadence-advancedheading.kt-adv-heading497_7cc514-67[data-kb-block=\"kb-adv-heading497_7cc514-67\"] img.kb-inline-image{width:150px;vertical-align:baseline;}@media all and (max-width: 1024px){.wp-block-kadence-advancedheading.kt-adv-heading497_7cc514-67, .wp-block-kadence-advancedheading.kt-adv-heading497_7cc514-67[data-kb-block=\"kb-adv-heading497_7cc514-67\"]{font-size:60px;text-align:center!important;}}@media all and (max-width: 767px){.wp-block-kadence-advancedheading.kt-adv-heading497_7cc514-67, .wp-block-kadence-advancedheading.kt-adv-heading497_7cc514-67[data-kb-block=\"kb-adv-heading497_7cc514-67\"]{font-size:50px;line-height:58px;text-align:center!important;}}<\/style>\n<h2 class=\"kt-adv-heading497_7cc514-67 wp-block-kadence-advancedheading\" data-kb-block=\"kb-adv-heading497_7cc514-67\">Vous souhaitez me contacter?<\/h2>\n\n\n<style>.wp-block-kadence-advancedheading.kt-adv-heading497_860d9f-d1, .wp-block-kadence-advancedheading.kt-adv-heading497_860d9f-d1[data-kb-block=\"kb-adv-heading497_860d9f-d1\"]{font-style:normal;}.wp-block-kadence-advancedheading.kt-adv-heading497_860d9f-d1 mark.kt-highlight, .wp-block-kadence-advancedheading.kt-adv-heading497_860d9f-d1[data-kb-block=\"kb-adv-heading497_860d9f-d1\"] mark.kt-highlight{font-style:normal;color:#f76a0c;-webkit-box-decoration-break:clone;box-decoration-break:clone;padding-top:0px;padding-right:0px;padding-bottom:0px;padding-left:0px;}.wp-block-kadence-advancedheading.kt-adv-heading497_860d9f-d1 img.kb-inline-image, .wp-block-kadence-advancedheading.kt-adv-heading497_860d9f-d1[data-kb-block=\"kb-adv-heading497_860d9f-d1\"] img.kb-inline-image{width:150px;vertical-align:baseline;}@media all and (max-width: 1024px){.wp-block-kadence-advancedheading.kt-adv-heading497_860d9f-d1, .wp-block-kadence-advancedheading.kt-adv-heading497_860d9f-d1[data-kb-block=\"kb-adv-heading497_860d9f-d1\"]{text-align:center!important;}}@media all and (max-width: 767px){.wp-block-kadence-advancedheading.kt-adv-heading497_860d9f-d1, .wp-block-kadence-advancedheading.kt-adv-heading497_860d9f-d1[data-kb-block=\"kb-adv-heading497_860d9f-d1\"]{text-align:center!important;}}<\/style>\n<p class=\"kt-adv-heading497_860d9f-d1 wp-block-kadence-advancedheading\" data-kb-block=\"kb-adv-heading497_860d9f-d1\">Remplissez le formulaire ci joint et je vous recontacterai d\u00e8s que possible.<\/p>\n<\/div><\/div>\n\n\n<style>.kadence-column497_9b3322-c5 > .kt-inside-inner-col{padding-top:30px;padding-right:50px;padding-bottom:50px;padding-left:50px;}.kadence-column497_9b3322-c5 > .kt-inside-inner-col,.kadence-column497_9b3322-c5 > .kt-inside-inner-col:before{border-top-left-radius:0px;border-top-right-radius:0px;border-bottom-right-radius:80px;border-bottom-left-radius:0px;}.kadence-column497_9b3322-c5 > .kt-inside-inner-col{column-gap:var(--global-kb-gap-sm, 1rem);}.kadence-column497_9b3322-c5 > .kt-inside-inner-col{flex-direction:column;}.kadence-column497_9b3322-c5 > .kt-inside-inner-col > .aligncenter{width:100%;}.kadence-column497_9b3322-c5 > .kt-inside-inner-col{background-color:var(--global-palette9, #ffffff);}.kadence-column497_9b3322-c5 > .kt-inside-inner-col:before{opacity:0.3;}.kadence-column497_9b3322-c5{position:relative;}@media all and (max-width: 1024px){.kadence-column497_9b3322-c5 > .kt-inside-inner-col{flex-direction:column;justify-content:center;}}@media all and (max-width: 767px){.kadence-column497_9b3322-c5 > .kt-inside-inner-col{padding-top:30px;padding-right:30px;padding-bottom:30px;padding-left:30px;flex-direction:column;justify-content:center;}}<\/style>\n<div class=\"wp-block-kadence-column kadence-column497_9b3322-c5 inner-column-2\"><div class=\"kt-inside-inner-col\"><style>.kadence-form-497_d1828a-d5 .kb-form .kadence-blocks-form-field .kb-text-style-field, .kadence-form-497_d1828a-d5 .kb-form .kadence-blocks-form-field .kb-select-style-field{border-radius:50px;border-color:var(--global-palette6, #718096);}.kadence-form-497_d1828a-d5 .kb-form .kadence-blocks-form-field > label{font-size:20px;font-family:Sorts Mill Goudy;font-style:italic;font-weight:400;padding-top:0px;padding-right:0px;padding-bottom:0px;padding-left:10px;}.kadence-form-497_d1828a-d5 .kb-form .kadence-blocks-form-field .kb-forms-submit{border-radius:50px;}.kadence-form-497_d1828a-d5 .kb-form .kadence-blocks-form-field .kb-forms-submit{margin-top:10px;}.kadence-form-497_d1828a-d5 .kb-form .kadence-blocks-form-field .kb-forms-submit{text-transform:capitalize;}.kb-form input.kadence-blocks-field.verify{opacity:0.0;position:absolute;top:0.0;left:0.0;width:0.0;height:0.0;z-index:-1;}<\/style>\n<div class=\"wp-block-kadence-form kadence-form-497_d1828a-d5 kb-form-wrap\"><form class=\"kb-form\" action=\"\" method=\"post\"><div class=\"kadence-blocks-form-field kb-field-desk-width-100 kb-input-size-standard\"><label for=\"kb_field_497_d1828a-d5_0\">Nom<span class=\"required\">*<\/span><\/label><input name=\"kb_field_0\" id=\"kb_field_497_d1828a-d5_0\" data-label=\"Nom\" type=\"text\" placeholder=\"\" value=\"\" data-type=\"text\" class=\"kb-field kb-text-style-field kb-text-field kb-field-0\" data-required=\"yes\"\/><\/div><div class=\"kadence-blocks-form-field kb-form-field-1 kb-field-desk-width-100 kb-input-size-standard\"><label for=\"kb_field_497_d1828a-d5_1\">Adresse Email<span class=\"required\">*<\/span><\/label><input name=\"kb_field_1\" id=\"kb_field_497_d1828a-d5_1\" data-label=\"Adresse Email\" type=\"email\" placeholder=\"\" value=\"\" data-type=\"email\" class=\"kb-field kb-text-style-field kb-email-field kb-field-1\" data-required=\"yes\"\/><\/div><div class=\"kadence-blocks-form-field kb-form-field-2 kb-field-desk-width-50 kb-field-mobile-width-100 kb-input-size-standard\"><label for=\"kb_field_497_d1828a-d5_2\">Num\u00e9ro de T\u00e9l\u00e9phone<span class=\"required\">*<\/span><\/label><input name=\"kb_field_2\" id=\"kb_field_497_d1828a-d5_2\" data-label=\"Num\u00e9ro de T\u00e9l\u00e9phone\" type=\"tel\" placeholder=\"\" value=\"\" data-type=\"tel\" class=\"kb-field kb-text-style-field kb-tel-field kb-field-2\" data-required=\"yes\"\/><\/div><div class=\"kadence-blocks-form-field kb-form-field-3 kb-field-desk-width-100 kb-field-mobile-width-100 kb-input-size-standard\"><label for=\"kb_field_497_d1828a-d5_3\">Message<\/label><textarea name=\"kb_field_3\" id=\"kb_field_497_d1828a-d5_3\" data-label=\"Message\" type=\"textarea\" placeholder=\"\" data-type=\"textarea\" class=\"kb-field kb-text-style-field kb-textarea-field kb-field-3\" rows=\"2\"><\/textarea><\/div><input type=\"hidden\" name=\"_kb_form_id\" value=\"497_d1828a-d5\"\/><input type=\"hidden\" name=\"_kb_form_post_id\" value=\"497\"\/><input type=\"hidden\" name=\"action\" value=\"kb_process_ajax_submit\"\/><label class=\"kadence-verify-label\">Email<input class=\"kadence-blocks-field verify\" type=\"text\" name=\"_kb_verify_email\" autocomplete=\"new-password\" aria-hidden=\"true\" placeholder=\"Email\" tabindex=\"-1\" data-1p-ignore=\"true\" data-lpignore=\"true\" \/><\/label><div class=\"kadence-blocks-form-field kb-submit-field kb-field-desk-width-100\"><button class=\"kb-forms-submit button kb-button-size-standard kb-button-width-full\">Envoyer un message<\/button><\/div><\/form><\/div>\n<noscript><div class=\"kadence-blocks-form-message kadence-blocks-form-warning\">Please enable JavaScript in your browser to submit the form<\/div><style>.kadence-form-497_d1828a-d5 .kadence-blocks-form-field.kb-submit-field { display: none; }<\/style><\/noscript><\/div><\/div>\n\n<\/div><\/div>","protected":false},"excerpt":{"rendered":"<p>Prendre contact Vous souhaitez me contacter? Remplissez le formulaire ci joint et je vous recontacterai d\u00e8s que possible.<\/p>\n","protected":false},"author":1,"featured_media":0,"parent":0,"menu_order":0,"comment_status":"closed","ping_status":"closed","template":"","meta":{"_kadence_starter_templates_imported_post":true,"_kad_post_transparent":"","_kad_post_title":"hide","_kad_post_layout":"default","_kad_post_sidebar_id":"","_kad_post_content_style":"unboxed","_kad_post_vertical_padding":"hide","_kad_post_feature":"hide","_kad_post_feature_position":"","_kad_post_header":false,"_kad_post_footer":false,"_kad_post_classname":"","footnotes":""},"class_list":["post-497","page","type-page","status-publish","hentry"],"_links":{"self":[{"href":"https:\/\/fmpollet.fr\/index.php?rest_route=\/wp\/v2\/pages\/497","targetHints":{"allow":["GET"]}}],"collection":[{"href":"https:\/\/fmpollet.fr\/index.php?rest_route=\/wp\/v2\/pages"}],"about":[{"href":"https:\/\/fmpollet.fr\/index.php?rest_route=\/wp\/v2\/types\/page"}],"author":[{"embeddable":true,"href":"https:\/\/fmpollet.fr\/index.php?rest_route=\/wp\/v2\/users\/1"}],"replies":[{"embeddable":true,"href":"https:\/\/fmpollet.fr\/index.php?rest_route=%2Fwp%2Fv2%2Fcomments&post=497"}],"version-history":[{"count":5,"href":"https:\/\/fmpollet.fr\/index.php?rest_route=\/wp\/v2\/pages\/497\/revisions"}],"predecessor-version":[{"id":937,"href":"https:\/\/fmpollet.fr\/index.php?rest_route=\/wp\/v2\/pages\/497\/revisions\/937"}],"wp:attachment":[{"href":"https:\/\/fmpollet.fr\/index.php?rest_route=%2Fwp%2Fv2%2Fmedia&parent=497"}],"curies":[{"name":"wp","href":"https:\/\/api.w.org\/{rel}","templated":true}]}}